{"id":73,"date":"2024-12-28T23:03:35","date_gmt":"2024-12-29T02:03:35","guid":{"rendered":"https:\/\/refresk.com.br\/?page_id=73"},"modified":"2024-12-29T17:31:12","modified_gmt":"2024-12-29T20:31:12","slug":"sobre-nos","status":"publish","type":"page","link":"https:\/\/refresk.com.br\/?page_id=73","title":{"rendered":"Sobre N\u00f3s"},"content":{"rendered":"\t\t<div data-elementor-type=\"wp-page\" data-elementor-id=\"73\" class=\"elementor elementor-73\">\n\t\t\t\t<div class=\"elementor-element elementor-element-9173b05 e-flex e-con-boxed wpr-particle-no wpr-jarallax-no wpr-parallax-no wpr-sticky-section-no e-con e-parent\" data-id=\"9173b05\" data-element_type=\"container\">\n\t\t\t\t\t<div class=\"e-con-inner\">\n\t\t\t\t<div class=\"elementor-element elementor-element-2bc8833 elementor-widget elementor-widget-heading\" data-id=\"2bc8833\" data-element_type=\"widget\" data-widget_type=\"heading.default\">\n\t\t\t\t<div class=\"elementor-widget-container\">\n\t\t\t\t\t<h2 class=\"elementor-heading-title elementor-size-default\">Sobre N\u00f3s<\/h2>\t\t\t\t<\/div>\n\t\t\t\t<\/div>\n\t\t\t\t\t<\/div>\n\t\t\t\t<\/div>\n\t\t<div class=\"elementor-element elementor-element-7aeaf90 e-flex e-con-boxed wpr-particle-no wpr-jarallax-no wpr-parallax-no wpr-sticky-section-no e-con e-parent\" data-id=\"7aeaf90\" data-element_type=\"container\">\n\t\t\t\t\t<div class=\"e-con-inner\">\n\t\t<div class=\"elementor-element elementor-element-7c5a723 e-con-full e-flex wpr-particle-no wpr-jarallax-no wpr-parallax-no wpr-sticky-section-no e-con e-child\" data-id=\"7c5a723\" data-element_type=\"container\">\n\t\t\t\t<div class=\"elementor-element elementor-element-78ba816 elementor-widget elementor-widget-heading\" data-id=\"78ba816\" data-element_type=\"widget\" data-widget_type=\"heading.default\">\n\t\t\t\t<div class=\"elementor-widget-container\">\n\t\t\t\t\t<h2 class=\"elementor-heading-title elementor-size-default\">A Refresk<\/h2>\t\t\t\t<\/div>\n\t\t\t\t<\/div>\n\t\t\t\t<div class=\"elementor-element elementor-element-1d487c7 elementor-widget elementor-widget-text-editor\" data-id=\"1d487c7\" data-element_type=\"widget\" data-widget_type=\"text-editor.default\">\n\t\t\t\t<div class=\"elementor-widget-container\">\n\t\t\t\t\t\t\t\t\t<p>Sabe aquela hist\u00f3ria de que grandes conquistas nascem de sonhos compartilhados?<br \/>\u00c9 assim com a Refresk.<br \/>Cada garrafa, cada latinha que chega at\u00e9 voc\u00ea n\u00e3o \u00e9 apenas um simples produto, \u00e9 fruto do trabalho de pessoas apaixonadas que sonharam alto e transformaram cada desafio em um gole de realiza\u00e7\u00e3o.<br \/>Nosso prop\u00f3sito vai muito al\u00e9m de criar bebidas.<br \/>Queremos estar presentes em seus momentos, seja numa comemora\u00e7\u00e3o com amigos, num intervalo no trabalho,<br \/>ou numa simples pausa para respirar.<br \/>Nossos refrigerantes, \u00e1guas e energ\u00e9ticos s\u00e3o convites para celebrar a vida, refrescar sonhos e te dar aquele impulso que faz sua energia transbordar.<\/p>\t\t\t\t\t\t\t\t<\/div>\n\t\t\t\t<\/div>\n\t\t\t\t<\/div>\n\t\t<div class=\"elementor-element elementor-element-6f2461b e-con-full e-flex wpr-particle-no wpr-jarallax-no wpr-parallax-no wpr-sticky-section-no e-con e-child\" data-id=\"6f2461b\" data-element_type=\"container\">\n\t\t\t\t<div class=\"elementor-element elementor-element-f5c527a elementor-widget elementor-widget-image\" data-id=\"f5c527a\" data-element_type=\"widget\" data-widget_type=\"image.default\">\n\t\t\t\t<div class=\"elementor-widget-container\">\n\t\t\t\t\t\t\t\t\t\t\t\t\t\t\t<img fetchpriority=\"high\" decoding=\"async\" width=\"800\" height=\"600\" src=\"https:\/\/refresk.com.br\/wp-content\/uploads\/2024\/12\/sobre-nos-logo.png\" class=\"attachment-full size-full wp-image-88\" alt=\"\" srcset=\"https:\/\/refresk.com.br\/wp-content\/uploads\/2024\/12\/sobre-nos-logo.png 800w, https:\/\/refresk.com.br\/wp-content\/uploads\/2024\/12\/sobre-nos-logo-300x225.png 300w, https:\/\/refresk.com.br\/wp-content\/uploads\/2024\/12\/sobre-nos-logo-768x576.png 768w\" sizes=\"(max-width: 800px) 100vw, 800px\" \/>\t\t\t\t\t\t\t\t\t\t\t\t\t\t\t<\/div>\n\t\t\t\t<\/div>\n\t\t\t\t<\/div>\n\t\t\t\t\t<\/div>\n\t\t\t\t<\/div>\n\t\t\t\t<\/div>\n\t\t","protected":false},"excerpt":{"rendered":"<p>Sobre N\u00f3s A Refresk Sabe aquela hist\u00f3ria de que grandes conquistas nascem de sonhos compartilhados?\u00c9 assim com a Refresk.Cada garrafa, cada latinha que chega at\u00e9 voc\u00ea n\u00e3o \u00e9 apenas um simples produto, \u00e9 fruto do trabalho de pessoas apaixonadas que sonharam alto e transformaram cada desafio em um gole de realiza\u00e7\u00e3o.Nosso prop\u00f3sito vai muito al\u00e9m de criar bebidas.Queremos estar presentes em seus momentos, seja numa comemora\u00e7\u00e3o com amigos, num intervalo no trabalho,ou numa simples pausa para respirar.Nossos refrigerantes, \u00e1guas e energ\u00e9ticos s\u00e3o convites para celebrar a vida, refrescar sonhos e te dar aquele impulso que faz sua energia transbordar.<\/p>\n","protected":false},"author":1,"featured_media":0,"parent":0,"menu_order":0,"comment_status":"closed","ping_status":"closed","template":"elementor_header_footer","meta":{"footnotes":""},"class_list":["post-73","page","type-page","status-publish","hentry"],"_links":{"self":[{"href":"https:\/\/refresk.com.br\/index.php?rest_route=\/wp\/v2\/pages\/73","targetHints":{"allow":["GET"]}}],"collection":[{"href":"https:\/\/refresk.com.br\/index.php?rest_route=\/wp\/v2\/pages"}],"about":[{"href":"https:\/\/refresk.com.br\/index.php?rest_route=\/wp\/v2\/types\/page"}],"author":[{"embeddable":true,"href":"https:\/\/refresk.com.br\/index.php?rest_route=\/wp\/v2\/users\/1"}],"replies":[{"embeddable":true,"href":"https:\/\/refresk.com.br\/index.php?rest_route=%2Fwp%2Fv2%2Fcomments&post=73"}],"version-history":[{"count":22,"href":"https:\/\/refresk.com.br\/index.php?rest_route=\/wp\/v2\/pages\/73\/revisions"}],"predecessor-version":[{"id":154,"href":"https:\/\/refresk.com.br\/index.php?rest_route=\/wp\/v2\/pages\/73\/revisions\/154"}],"wp:attachment":[{"href":"https:\/\/refresk.com.br\/index.php?rest_route=%2Fwp%2Fv2%2Fmedia&parent=73"}],"curies":[{"name":"wp","href":"https:\/\/api.w.org\/{rel}","templated":true}]}}