{"id":20,"date":"2024-12-23T14:05:22","date_gmt":"2024-12-23T17:05:22","guid":{"rendered":"https:\/\/refresk.com.br\/?page_id=20"},"modified":"2024-12-29T17:33:08","modified_gmt":"2024-12-29T20:33:08","slug":"energeticos","status":"publish","type":"page","link":"https:\/\/refresk.com.br\/?page_id=20","title":{"rendered":"Energ\u00e9ticos"},"content":{"rendered":"\t\t<div data-elementor-type=\"wp-page\" data-elementor-id=\"20\" class=\"elementor elementor-20\">\n\t\t\t\t<div class=\"elementor-element elementor-element-ac609ae e-flex e-con-boxed wpr-particle-no wpr-jarallax-no wpr-parallax-no wpr-sticky-section-no e-con e-parent\" data-id=\"ac609ae\" data-element_type=\"container\">\n\t\t\t\t\t<div class=\"e-con-inner\">\n\t\t\t\t<div class=\"elementor-element elementor-element-62d564b elementor-widget elementor-widget-heading\" data-id=\"62d564b\" data-element_type=\"widget\" data-widget_type=\"heading.default\">\n\t\t\t\t<div class=\"elementor-widget-container\">\n\t\t\t\t\t<h2 class=\"elementor-heading-title elementor-size-default\">Energ\u00e9tico<\/h2>\t\t\t\t<\/div>\n\t\t\t\t<\/div>\n\t\t\t\t\t<\/div>\n\t\t\t\t<\/div>\n\t\t<div class=\"elementor-element elementor-element-247a153 e-flex e-con-boxed wpr-particle-no wpr-jarallax-no wpr-parallax-no wpr-sticky-section-no e-con e-parent\" data-id=\"247a153\" data-element_type=\"container\">\n\t\t\t\t\t<div class=\"e-con-inner\">\n\t\t<div class=\"elementor-element elementor-element-64bd593 e-con-full e-flex wpr-particle-no wpr-jarallax-no wpr-parallax-no wpr-sticky-section-no e-con e-child\" data-id=\"64bd593\" data-element_type=\"container\">\n\t\t\t\t<div class=\"elementor-element elementor-element-5730c42 elementor-widget elementor-widget-heading\" data-id=\"5730c42\" data-element_type=\"widget\" data-widget_type=\"heading.default\">\n\t\t\t\t<div class=\"elementor-widget-container\">\n\t\t\t\t\t<h2 class=\"elementor-heading-title elementor-size-default\">Energy Drink Refresk<\/h2>\t\t\t\t<\/div>\n\t\t\t\t<\/div>\n\t\t\t\t<div class=\"elementor-element elementor-element-9c33455 elementor-widget elementor-widget-text-editor\" data-id=\"9c33455\" data-element_type=\"widget\" data-widget_type=\"text-editor.default\">\n\t\t\t\t<div class=\"elementor-widget-container\">\n\t\t\t\t\t\t\t\t\t<p class=\"cvGsUA direction-ltr align-start para-style-body\"><span class=\"OYPEnA font-feature-liga-off font-feature-clig-off font-feature-calt-off text-decoration-none text-strikethrough-none\">O Energy Drink Refresk combina energia e hidrata\u00e7\u00e3o, formuladas com ingredientes naturais que aumentam o foco e a vitalidade. Estas bebidas oferecem uma alternativa mais saud\u00e1vel \u00e0s op\u00e7\u00f5es tradicionais, atendendo \u00e0s necessidades de consumidores ativos e conscientes da sa\u00fade.<\/span><\/p><p class=\"cvGsUA direction-ltr align-start para-style-body\"><span class=\"OYPEnA font-feature-liga-off font-feature-clig-off font-feature-calt-off text-decoration-none text-strikethrough-none\">Garrafas de 1<\/span> <span class=\"OYPEnA font-feature-liga-off font-feature-clig-off font-feature-calt-off text-decoration-none text-strikethrough-none\">e 2 litros e lata de 473ml.<\/span><\/p>\t\t\t\t\t\t\t\t<\/div>\n\t\t\t\t<\/div>\n\t\t\t\t<\/div>\n\t\t<div class=\"elementor-element elementor-element-da76d02 e-con-full e-flex wpr-particle-no wpr-jarallax-no wpr-parallax-no wpr-sticky-section-no e-con e-child\" data-id=\"da76d02\" data-element_type=\"container\">\n\t\t\t\t<div class=\"elementor-element elementor-element-fe07037 elementor-widget elementor-widget-image\" data-id=\"fe07037\" data-element_type=\"widget\" data-widget_type=\"image.default\">\n\t\t\t\t<div class=\"elementor-widget-container\">\n\t\t\t\t\t\t\t\t\t\t\t\t\t\t\t<img fetchpriority=\"high\" decoding=\"async\" width=\"1080\" height=\"1080\" src=\"http:\/\/refresk.com.br\/wp-content\/uploads\/2024\/12\/2.png\" class=\"attachment-full size-full wp-image-107\" alt=\"\" srcset=\"http:\/\/refresk.com.br\/wp-content\/uploads\/2024\/12\/2.png 1080w, http:\/\/refresk.com.br\/wp-content\/uploads\/2024\/12\/2-300x300.png 300w, http:\/\/refresk.com.br\/wp-content\/uploads\/2024\/12\/2-1024x1024.png 1024w, http:\/\/refresk.com.br\/wp-content\/uploads\/2024\/12\/2-150x150.png 150w, http:\/\/refresk.com.br\/wp-content\/uploads\/2024\/12\/2-768x768.png 768w\" sizes=\"(max-width: 1080px) 100vw, 1080px\" \/>\t\t\t\t\t\t\t\t\t\t\t\t\t\t\t<\/div>\n\t\t\t\t<\/div>\n\t\t\t\t<\/div>\n\t\t\t\t\t<\/div>\n\t\t\t\t<\/div>\n\t\t\t\t<\/div>\n\t\t","protected":false},"excerpt":{"rendered":"<p>Energ\u00e9tico Energy Drink Refresk O Energy Drink Refresk combina energia e hidrata\u00e7\u00e3o, formuladas com ingredientes naturais que aumentam o foco e a vitalidade. Estas bebidas oferecem uma alternativa mais saud\u00e1vel \u00e0s op\u00e7\u00f5es tradicionais, atendendo \u00e0s necessidades de consumidores ativos e conscientes da sa\u00fade. Garrafas de 1 e 2 litros e lata de 473ml.<\/p>\n","protected":false},"author":1,"featured_media":0,"parent":0,"menu_order":0,"comment_status":"closed","ping_status":"closed","template":"elementor_header_footer","meta":{"footnotes":""},"class_list":["post-20","page","type-page","status-publish","hentry"],"_links":{"self":[{"href":"https:\/\/refresk.com.br\/index.php?rest_route=\/wp\/v2\/pages\/20","targetHints":{"allow":["GET"]}}],"collection":[{"href":"https:\/\/refresk.com.br\/index.php?rest_route=\/wp\/v2\/pages"}],"about":[{"href":"https:\/\/refresk.com.br\/index.php?rest_route=\/wp\/v2\/types\/page"}],"author":[{"embeddable":true,"href":"https:\/\/refresk.com.br\/index.php?rest_route=\/wp\/v2\/users\/1"}],"replies":[{"embeddable":true,"href":"https:\/\/refresk.com.br\/index.php?rest_route=%2Fwp%2Fv2%2Fcomments&post=20"}],"version-history":[{"count":7,"href":"https:\/\/refresk.com.br\/index.php?rest_route=\/wp\/v2\/pages\/20\/revisions"}],"predecessor-version":[{"id":160,"href":"https:\/\/refresk.com.br\/index.php?rest_route=\/wp\/v2\/pages\/20\/revisions\/160"}],"wp:attachment":[{"href":"https:\/\/refresk.com.br\/index.php?rest_route=%2Fwp%2Fv2%2Fmedia&parent=20"}],"curies":[{"name":"wp","href":"https:\/\/api.w.org\/{rel}","templated":true}]}}