{"id":17,"date":"2024-12-23T14:04:28","date_gmt":"2024-12-23T17:04:28","guid":{"rendered":"https:\/\/refresk.com.br\/?page_id=17"},"modified":"2024-12-29T17:32:33","modified_gmt":"2024-12-29T20:32:33","slug":"refrigerantes","status":"publish","type":"page","link":"https:\/\/refresk.com.br\/?page_id=17","title":{"rendered":"Refrigerantes"},"content":{"rendered":"\t\t<div data-elementor-type=\"wp-page\" data-elementor-id=\"17\" class=\"elementor elementor-17\">\n\t\t\t\t<div class=\"elementor-element elementor-element-e7a0979 e-flex e-con-boxed wpr-particle-no wpr-jarallax-no wpr-parallax-no wpr-sticky-section-no e-con e-parent\" data-id=\"e7a0979\" data-element_type=\"container\">\n\t\t\t\t\t<div class=\"e-con-inner\">\n\t\t\t\t<div class=\"elementor-element elementor-element-b184f55 elementor-widget elementor-widget-heading\" data-id=\"b184f55\" data-element_type=\"widget\" data-widget_type=\"heading.default\">\n\t\t\t\t<div class=\"elementor-widget-container\">\n\t\t\t\t\t<h2 class=\"elementor-heading-title elementor-size-default\">Refrigerantes<\/h2>\t\t\t\t<\/div>\n\t\t\t\t<\/div>\n\t\t\t\t\t<\/div>\n\t\t\t\t<\/div>\n\t\t<div class=\"elementor-element elementor-element-687ff02 e-flex e-con-boxed wpr-particle-no wpr-jarallax-no wpr-parallax-no wpr-sticky-section-no e-con e-parent\" data-id=\"687ff02\" data-element_type=\"container\">\n\t\t\t\t\t<div class=\"e-con-inner\">\n\t\t<div class=\"elementor-element elementor-element-6ba69d9 e-con-full e-flex wpr-particle-no wpr-jarallax-no wpr-parallax-no wpr-sticky-section-no e-con e-child\" data-id=\"6ba69d9\" data-element_type=\"container\">\n\t\t\t\t<div class=\"elementor-element elementor-element-b32beb6 elementor-widget elementor-widget-heading\" data-id=\"b32beb6\" data-element_type=\"widget\" data-widget_type=\"heading.default\">\n\t\t\t\t<div class=\"elementor-widget-container\">\n\t\t\t\t\t<h2 class=\"elementor-heading-title elementor-size-default\">Refrigerantes Refresk<\/h2>\t\t\t\t<\/div>\n\t\t\t\t<\/div>\n\t\t\t\t<div class=\"elementor-element elementor-element-659dab7 elementor-widget elementor-widget-text-editor\" data-id=\"659dab7\" data-element_type=\"widget\" data-widget_type=\"text-editor.default\">\n\t\t\t\t<div class=\"elementor-widget-container\">\n\t\t\t\t\t\t\t\t\t<p class=\"cvGsUA direction-ltr align-start para-style-body\"><span class=\"OYPEnA font-feature-liga-off font-feature-clig-off font-feature-calt-off text-decoration-none text-strikethrough-none\">Os refrigerantes Refresk trazem uma experi\u00eancia refrescante com sabores vibrantes, mantendo o compromisso com a qualidade e uma abordagem mais saud\u00e1vel. Eles s\u00e3o perfeitos para aqueles que buscam um toque de refresc\u00e2ncia sem abrir m\u00e3o de ingredientes que respeitam o bem-estar.<\/span><\/p><p class=\"cvGsUA direction-ltr align-start para-style-body\"><span class=\"OYPEnA font-feature-liga-off font-feature-clig-off font-feature-calt-off text-decoration-none text-strikethrough-none\">Sabores guaran\u00e1, laranja e lim\u00e3o, em garrafas de 1 e 2 litros.<\/span><\/p>\t\t\t\t\t\t\t\t<\/div>\n\t\t\t\t<\/div>\n\t\t\t\t<\/div>\n\t\t<div class=\"elementor-element elementor-element-9a9ffe9 e-con-full e-flex wpr-particle-no wpr-jarallax-no wpr-parallax-no wpr-sticky-section-no e-con e-child\" data-id=\"9a9ffe9\" data-element_type=\"container\">\n\t\t\t\t<div class=\"elementor-element elementor-element-9ceda0c elementor-widget elementor-widget-image\" data-id=\"9ceda0c\" data-element_type=\"widget\" data-widget_type=\"image.default\">\n\t\t\t\t<div class=\"elementor-widget-container\">\n\t\t\t\t\t\t\t\t\t\t\t\t\t\t\t<img fetchpriority=\"high\" decoding=\"async\" width=\"3240\" height=\"3240\" src=\"https:\/\/refresk.com.br\/wp-content\/uploads\/2024\/12\/1.png\" class=\"attachment-full size-full wp-image-98\" alt=\"\" srcset=\"https:\/\/refresk.com.br\/wp-content\/uploads\/2024\/12\/1.png 3240w, https:\/\/refresk.com.br\/wp-content\/uploads\/2024\/12\/1-300x300.png 300w, https:\/\/refresk.com.br\/wp-content\/uploads\/2024\/12\/1-1024x1024.png 1024w, https:\/\/refresk.com.br\/wp-content\/uploads\/2024\/12\/1-150x150.png 150w, https:\/\/refresk.com.br\/wp-content\/uploads\/2024\/12\/1-768x768.png 768w, https:\/\/refresk.com.br\/wp-content\/uploads\/2024\/12\/1-1536x1536.png 1536w, https:\/\/refresk.com.br\/wp-content\/uploads\/2024\/12\/1-2048x2048.png 2048w\" sizes=\"(max-width: 3240px) 100vw, 3240px\" \/>\t\t\t\t\t\t\t\t\t\t\t\t\t\t\t<\/div>\n\t\t\t\t<\/div>\n\t\t\t\t<\/div>\n\t\t\t\t\t<\/div>\n\t\t\t\t<\/div>\n\t\t\t\t<\/div>\n\t\t","protected":false},"excerpt":{"rendered":"<p>Refrigerantes Refrigerantes Refresk Os refrigerantes Refresk trazem uma experi\u00eancia refrescante com sabores vibrantes, mantendo o compromisso com a qualidade e uma abordagem mais saud\u00e1vel. Eles s\u00e3o perfeitos para aqueles que buscam um toque de refresc\u00e2ncia sem abrir m\u00e3o de ingredientes que respeitam o bem-estar. Sabores guaran\u00e1, laranja e lim\u00e3o, em garrafas de 1 e 2 litros.<\/p>\n","protected":false},"author":1,"featured_media":0,"parent":0,"menu_order":0,"comment_status":"closed","ping_status":"closed","template":"elementor_header_footer","meta":{"footnotes":""},"class_list":["post-17","page","type-page","status-publish","hentry"],"_links":{"self":[{"href":"https:\/\/refresk.com.br\/index.php?rest_route=\/wp\/v2\/pages\/17","targetHints":{"allow":["GET"]}}],"collection":[{"href":"https:\/\/refresk.com.br\/index.php?rest_route=\/wp\/v2\/pages"}],"about":[{"href":"https:\/\/refresk.com.br\/index.php?rest_route=\/wp\/v2\/types\/page"}],"author":[{"embeddable":true,"href":"https:\/\/refresk.com.br\/index.php?rest_route=\/wp\/v2\/users\/1"}],"replies":[{"embeddable":true,"href":"https:\/\/refresk.com.br\/index.php?rest_route=%2Fwp%2Fv2%2Fcomments&post=17"}],"version-history":[{"count":7,"href":"https:\/\/refresk.com.br\/index.php?rest_route=\/wp\/v2\/pages\/17\/revisions"}],"predecessor-version":[{"id":157,"href":"https:\/\/refresk.com.br\/index.php?rest_route=\/wp\/v2\/pages\/17\/revisions\/157"}],"wp:attachment":[{"href":"https:\/\/refresk.com.br\/index.php?rest_route=%2Fwp%2Fv2%2Fmedia&parent=17"}],"curies":[{"name":"wp","href":"https:\/\/api.w.org\/{rel}","templated":true}]}}