{"id":12,"date":"2024-12-23T14:02:16","date_gmt":"2024-12-23T17:02:16","guid":{"rendered":"https:\/\/refresk.com.br\/?page_id=12"},"modified":"2024-12-29T17:30:28","modified_gmt":"2024-12-29T20:30:28","slug":"produtos","status":"publish","type":"page","link":"https:\/\/refresk.com.br\/?page_id=12","title":{"rendered":"\u00c1gua Mineral"},"content":{"rendered":"\t\t<div data-elementor-type=\"wp-page\" data-elementor-id=\"12\" class=\"elementor elementor-12\">\n\t\t\t\t<div class=\"elementor-element elementor-element-4f17920 e-flex e-con-boxed wpr-particle-no wpr-jarallax-no wpr-parallax-no wpr-sticky-section-no e-con e-parent\" data-id=\"4f17920\" data-element_type=\"container\">\n\t\t\t\t\t<div class=\"e-con-inner\">\n\t\t\t\t<div class=\"elementor-element elementor-element-6917f94 elementor-widget elementor-widget-heading\" data-id=\"6917f94\" data-element_type=\"widget\" data-widget_type=\"heading.default\">\n\t\t\t\t<div class=\"elementor-widget-container\">\n\t\t\t\t\t<h2 class=\"elementor-heading-title elementor-size-default\">\u00c1gua Mineral<\/h2>\t\t\t\t<\/div>\n\t\t\t\t<\/div>\n\t\t\t\t\t<\/div>\n\t\t\t\t<\/div>\n\t\t<div class=\"elementor-element elementor-element-2e455a7 e-flex e-con-boxed wpr-particle-no wpr-jarallax-no wpr-parallax-no wpr-sticky-section-no e-con e-parent\" data-id=\"2e455a7\" data-element_type=\"container\">\n\t\t\t\t\t<div class=\"e-con-inner\">\n\t\t<div class=\"elementor-element elementor-element-ed3a617 e-con-full e-flex wpr-particle-no wpr-jarallax-no wpr-parallax-no wpr-sticky-section-no e-con e-child\" data-id=\"ed3a617\" data-element_type=\"container\">\n\t\t\t\t<div class=\"elementor-element elementor-element-c21c0e0 elementor-widget elementor-widget-heading\" data-id=\"c21c0e0\" data-element_type=\"widget\" data-widget_type=\"heading.default\">\n\t\t\t\t<div class=\"elementor-widget-container\">\n\t\t\t\t\t<h2 class=\"elementor-heading-title elementor-size-default\">\u00c1gua Mineral Natural Refresk<\/h2>\t\t\t\t<\/div>\n\t\t\t\t<\/div>\n\t\t\t\t<div class=\"elementor-element elementor-element-dda67fe elementor-widget elementor-widget-text-editor\" data-id=\"dda67fe\" data-element_type=\"widget\" data-widget_type=\"text-editor.default\">\n\t\t\t\t<div class=\"elementor-widget-container\">\n\t\t\t\t\t\t\t\t\t<p class=\"cvGsUA direction-ltr align-start para-style-body\"><span class=\"OYPEnA font-feature-liga-off font-feature-clig-off font-feature-calt-off text-decoration-none text-strikethrough-none\">A \u00c1gua Mineral Natural<\/span> <span class=\"OYPEnA font-feature-liga-off font-feature-clig-off font-feature-calt-off text-decoration-none text-strikethrough-none\">Refresk oferece a perfeita combina\u00e7\u00e3o de um sabor suave e refrescante, rica em minerais essenciais como c\u00e1lcio e magn\u00e9sio, que promovem a sa\u00fade \u00f3ssea e o equil\u00edbrio eletrol\u00edtico de forma eficaz. Em um mundo onde a pureza das bebidas est\u00e1 em constante avalia\u00e7\u00e3o, a \u00e1gua mineral natural Refresk entrega um produto que n\u00e3o s\u00f3 atende, como tamb\u00e9m supera os padr\u00f5es da ind\u00fastria, trazendo a confian\u00e7a de saber que voc\u00ea est\u00e1 escolhendo o melhor para o seu corpo.<\/span><\/p><p class=\"cvGsUA direction-ltr align-start para-style-body\"><span class=\"OYPEnA font-feature-liga-off font-feature-clig-off font-feature-calt-off text-decoration-none text-strikethrough-none\">Garrafas de 500 ml e 1,5 litros, com e sem g\u00e1s.<\/span><\/p>\t\t\t\t\t\t\t\t<\/div>\n\t\t\t\t<\/div>\n\t\t\t\t<\/div>\n\t\t<div class=\"elementor-element elementor-element-8f11e12 e-con-full e-flex wpr-particle-no wpr-jarallax-no wpr-parallax-no wpr-sticky-section-no e-con e-child\" data-id=\"8f11e12\" data-element_type=\"container\">\n\t\t\t\t<div class=\"elementor-element elementor-element-1cfcbc9 elementor-widget elementor-widget-image\" data-id=\"1cfcbc9\" data-element_type=\"widget\" data-widget_type=\"image.default\">\n\t\t\t\t<div class=\"elementor-widget-container\">\n\t\t\t\t\t\t\t\t\t\t\t\t\t\t\t<img fetchpriority=\"high\" decoding=\"async\" width=\"3240\" height=\"3240\" src=\"https:\/\/refresk.com.br\/wp-content\/uploads\/2024\/12\/3-1.png\" class=\"attachment-full size-full wp-image-97\" alt=\"\" srcset=\"https:\/\/refresk.com.br\/wp-content\/uploads\/2024\/12\/3-1.png 3240w, https:\/\/refresk.com.br\/wp-content\/uploads\/2024\/12\/3-1-300x300.png 300w, https:\/\/refresk.com.br\/wp-content\/uploads\/2024\/12\/3-1-1024x1024.png 1024w, https:\/\/refresk.com.br\/wp-content\/uploads\/2024\/12\/3-1-150x150.png 150w, https:\/\/refresk.com.br\/wp-content\/uploads\/2024\/12\/3-1-768x768.png 768w, https:\/\/refresk.com.br\/wp-content\/uploads\/2024\/12\/3-1-1536x1536.png 1536w, https:\/\/refresk.com.br\/wp-content\/uploads\/2024\/12\/3-1-2048x2048.png 2048w\" sizes=\"(max-width: 3240px) 100vw, 3240px\" \/>\t\t\t\t\t\t\t\t\t\t\t\t\t\t\t<\/div>\n\t\t\t\t<\/div>\n\t\t\t\t<\/div>\n\t\t\t\t\t<\/div>\n\t\t\t\t<\/div>\n\t\t\t\t<\/div>\n\t\t","protected":false},"excerpt":{"rendered":"<p>\u00c1gua Mineral \u00c1gua Mineral Natural Refresk A \u00c1gua Mineral Natural Refresk oferece a perfeita combina\u00e7\u00e3o de um sabor suave e refrescante, rica em minerais essenciais como c\u00e1lcio e magn\u00e9sio, que promovem a sa\u00fade \u00f3ssea e o equil\u00edbrio eletrol\u00edtico de forma eficaz. Em um mundo onde a pureza das bebidas est\u00e1 em constante avalia\u00e7\u00e3o, a \u00e1gua mineral natural Refresk entrega um produto que n\u00e3o s\u00f3 atende, como tamb\u00e9m supera os padr\u00f5es da ind\u00fastria, trazendo a confian\u00e7a de saber que voc\u00ea est\u00e1 escolhendo o melhor para o seu corpo. Garrafas de 500 ml e 1,5 litros, com e sem g\u00e1s.<\/p>\n","protected":false},"author":1,"featured_media":0,"parent":0,"menu_order":0,"comment_status":"closed","ping_status":"closed","template":"elementor_header_footer","meta":{"footnotes":""},"class_list":["post-12","page","type-page","status-publish","hentry"],"_links":{"self":[{"href":"https:\/\/refresk.com.br\/index.php?rest_route=\/wp\/v2\/pages\/12","targetHints":{"allow":["GET"]}}],"collection":[{"href":"https:\/\/refresk.com.br\/index.php?rest_route=\/wp\/v2\/pages"}],"about":[{"href":"https:\/\/refresk.com.br\/index.php?rest_route=\/wp\/v2\/types\/page"}],"author":[{"embeddable":true,"href":"https:\/\/refresk.com.br\/index.php?rest_route=\/wp\/v2\/users\/1"}],"replies":[{"embeddable":true,"href":"https:\/\/refresk.com.br\/index.php?rest_route=%2Fwp%2Fv2%2Fcomments&post=12"}],"version-history":[{"count":11,"href":"https:\/\/refresk.com.br\/index.php?rest_route=\/wp\/v2\/pages\/12\/revisions"}],"predecessor-version":[{"id":151,"href":"https:\/\/refresk.com.br\/index.php?rest_route=\/wp\/v2\/pages\/12\/revisions\/151"}],"wp:attachment":[{"href":"https:\/\/refresk.com.br\/index.php?rest_route=%2Fwp%2Fv2%2Fmedia&parent=12"}],"curies":[{"name":"wp","href":"https:\/\/api.w.org\/{rel}","templated":true}]}}